{"id":151,"date":"2024-03-07T22:24:17","date_gmt":"2024-03-07T22:24:17","guid":{"rendered":"https:\/\/www.nataliabizon.com\/?page_id=151"},"modified":"2024-03-25T20:16:37","modified_gmt":"2024-03-25T19:16:37","slug":"o-mnie","status":"publish","type":"page","link":"https:\/\/www.nataliabizon.com\/index.php\/o-mnie\/","title":{"rendered":"O mnie"},"content":{"rendered":"\n<p>Moja przygoda z prac\u0105 nad popraw\u0105 sprawno\u015bci moich podopiecznych<br>rozpocz\u0119\u0142a si\u0119 16 lat temu od zaj\u0119\u0107 grupowych. Poprzez udzia\u0142 w licznych<br>szkoleniach i warsztatach pozna\u0142am r\u00f3\u017cne formy aktywno\u015bci oraz metody treningowe<br>z wykorzystaniem r\u00f3\u017cnorodnych przybor\u00f3w.<\/p>\n\n\n\n<p><br>Kilka lat pracowa\u0142am w szkole rodzenia, aktywnie przygotowuj\u0105c kobiety do<br>porodu, a tak\u017ce pomagaj\u0105c m\u0142odym mamom wr\u00f3ci\u0107 do formy po porodzie,<br>jednocze\u015bnie daj\u0105c im mo\u017cliwo\u015b\u0107 uczestniczenia w zaj\u0119ciach ze swoimi maluszkami.<br>Sama jestem mam\u0105 dw\u00f3ch ma\u0142ych c\u00f3rek. Swoich do\u015bwiadcze\u0144 z aktywno\u015bci w<br>ci\u0105\u017cy, jak i po porodzie nie przek\u0142adam na podopieczne, poniewa\u017c ka\u017cdy organizm<br>jest inny. Natomiast doskonale rozumiem przez jakie etapy w macierzy\u0144stwie<br>przechodz\u0105 kobiety, a tak\u017ce co to jest mocno ograniczony czas na trening po\u015br\u00f3d<br>codziennych obowi\u0105zk\u00f3w.<\/p>\n\n\n\n<p><br>Po wielu latach pracy na salach fitness i basenach, a tak\u017ce do\u015bwiadczeniach w\u0142asnego treningu na si\u0142owni, mocno zainteresowa\u0142am si\u0119 treningiem personalnym. I to w tym kierunku obecnie si\u0119 mocno rozwijam i wci\u0105\u017c szkol\u0119. Pog\u0142\u0119biaj\u0105c swoj\u0105 wiedz\u0119 w kierunku specjalistycznego treningu medycznego. Praca ta jest moj\u0105 prawdziw\u0105 pasj\u0105 i wyzwaniem, gdy\u017c wymaga ode mnie sta\u0142ego pog\u0142\u0119biania wiedzy. Mam poczucie, \u017ce im wi\u0119cej si\u0119 dowiaduj\u0119, tym tak naprawd\u0119 odkrywam, jak du\u017co jeszcze wiedzy czeka na mnie do przyswojenia.<\/p>\n\n\n\n<p><br>Od kilku lat r\u00f3wnie\u017c stale wsp\u00f3\u0142pracuj\u0119 z grupami senior\u00f3w, kt\u00f3re staj\u0105 si\u0119<br>coraz liczniejsze. Bardzo cieszy mnie fakt, \u017ce zaj\u0119cia te ciesz\u0105 si\u0119 coraz wi\u0119ksz\u0105<br>popularno\u015bci\u0105 w zwi\u0105zku z tym, \u017ce \u0107wiczenia przyczyniaj\u0105 si\u0119 do poprawy<br>sprawno\u015bci i samopoczucia senior\u00f3w.<\/p>\n\n\n\n<p><br>Prowadz\u0119 r\u00f3wnie\u017c treningi w kameralnych grupach. Do ka\u017cdego z uczestnik\u00f3w podchodz\u0119 w spos\u00f3b indywidualny. Pozytywna atmosfera i wzajemna motywacja gwarantowana!<\/p>\n\n\n\n<p>Serdecznie zapraszam na wsp\u00f3lne treningi \ud83d\udcaa<\/p>\n","protected":false},"excerpt":{"rendered":"<p>Moja przygoda z prac\u0105 nad popraw\u0105 sprawno\u015bci moich podopiecznychrozpocz\u0119\u0142a si\u0119 16 lat temu od zaj\u0119\u0107 grupowych. Poprzez udzia\u0142 w licznychszkoleniach i warsztatach pozna\u0142am r\u00f3\u017cne formy aktywno\u015bci oraz metody treningowez wykorzystaniem r\u00f3\u017cnorodnych przybor\u00f3w. Kilka lat pracowa\u0142am w szkole rodzenia, aktywnie przygotowuj\u0105c kobiety doporodu, a tak\u017ce pomagaj\u0105c m\u0142odym mamom wr\u00f3ci\u0107 do formy po porodzie,jednocze\u015bnie daj\u0105c im mo\u017cliwo\u015b\u0107 [&hellip;]<\/p>\n","protected":false},"author":1,"featured_media":0,"parent":0,"menu_order":0,"comment_status":"closed","ping_status":"closed","template":"","meta":{"ngg_post_thumbnail":0,"footnotes":""},"class_list":["post-151","page","type-page","status-publish","hentry"],"yoast_head":"<!-- This site is optimized with the Yoast SEO plugin v27.4 - https:\/\/yoast.com\/product\/yoast-seo-wordpress\/ -->\n<title>O mnie - Trenerka personalna<\/title>\n<meta name=\"description\" content=\"Natalia bizo\u0144 - 16 lat temu to od zaj\u0119\u0107 grupowych rozpocz\u0119\u0142a si\u0119 moja przygoda z prac\u0105 nad popraw\u0105 sprawno\u015bci moich podopiecznych.\" \/>\n<meta name=\"robots\" content=\"index, follow, max-snippet:-1, max-image-preview:large, max-video-preview:-1\" \/>\n<link rel=\"canonical\" href=\"https:\/\/www.nataliabizon.com\/index.php\/o-mnie\/\" \/>\n<meta property=\"og:locale\" content=\"pl_PL\" \/>\n<meta property=\"og:type\" content=\"article\" \/>\n<meta property=\"og:title\" content=\"O mnie - Trenerka personalna\" \/>\n<meta property=\"og:description\" content=\"Natalia bizo\u0144 - 16 lat temu to od zaj\u0119\u0107 grupowych rozpocz\u0119\u0142a si\u0119 moja przygoda z prac\u0105 nad popraw\u0105 sprawno\u015bci moich podopiecznych.\" \/>\n<meta property=\"og:url\" content=\"https:\/\/www.nataliabizon.com\/index.php\/o-mnie\/\" \/>\n<meta property=\"og:site_name\" content=\"Trenerka personalna\" \/>\n<meta property=\"article:modified_time\" content=\"2024-03-25T19:16:37+00:00\" \/>\n<meta name=\"twitter:card\" content=\"summary_large_image\" \/>\n<meta name=\"twitter:label1\" content=\"Szacowany czas czytania\" \/>\n\t<meta name=\"twitter:data1\" content=\"2 minuty\" \/>\n<script type=\"application\/ld+json\" class=\"yoast-schema-graph\">{\"@context\":\"https:\\\/\\\/schema.org\",\"@graph\":[{\"@type\":\"WebPage\",\"@id\":\"https:\\\/\\\/www.nataliabizon.com\\\/index.php\\\/o-mnie\\\/\",\"url\":\"https:\\\/\\\/www.nataliabizon.com\\\/index.php\\\/o-mnie\\\/\",\"name\":\"O mnie - Trenerka personalna\",\"isPartOf\":{\"@id\":\"https:\\\/\\\/www.nataliabizon.com\\\/#website\"},\"datePublished\":\"2024-03-07T22:24:17+00:00\",\"dateModified\":\"2024-03-25T19:16:37+00:00\",\"description\":\"Natalia bizo\u0144 - 16 lat temu to od zaj\u0119\u0107 grupowych rozpocz\u0119\u0142a si\u0119 moja przygoda z prac\u0105 nad popraw\u0105 sprawno\u015bci moich podopiecznych.\",\"breadcrumb\":{\"@id\":\"https:\\\/\\\/www.nataliabizon.com\\\/index.php\\\/o-mnie\\\/#breadcrumb\"},\"inLanguage\":\"pl-PL\",\"potentialAction\":[{\"@type\":\"ReadAction\",\"target\":[\"https:\\\/\\\/www.nataliabizon.com\\\/index.php\\\/o-mnie\\\/\"]}]},{\"@type\":\"BreadcrumbList\",\"@id\":\"https:\\\/\\\/www.nataliabizon.com\\\/index.php\\\/o-mnie\\\/#breadcrumb\",\"itemListElement\":[{\"@type\":\"ListItem\",\"position\":1,\"name\":\"Strona g\u0142\u00f3wna\",\"item\":\"https:\\\/\\\/www.nataliabizon.com\\\/\"},{\"@type\":\"ListItem\",\"position\":2,\"name\":\"O mnie\"}]},{\"@type\":\"WebSite\",\"@id\":\"https:\\\/\\\/www.nataliabizon.com\\\/#website\",\"url\":\"https:\\\/\\\/www.nataliabizon.com\\\/\",\"name\":\"Trenerka Personalna\",\"description\":\"Trenerka personalna\",\"publisher\":{\"@id\":\"https:\\\/\\\/www.nataliabizon.com\\\/#organization\"},\"potentialAction\":[{\"@type\":\"SearchAction\",\"target\":{\"@type\":\"EntryPoint\",\"urlTemplate\":\"https:\\\/\\\/www.nataliabizon.com\\\/?s={search_term_string}\"},\"query-input\":{\"@type\":\"PropertyValueSpecification\",\"valueRequired\":true,\"valueName\":\"search_term_string\"}}],\"inLanguage\":\"pl-PL\"},{\"@type\":\"Organization\",\"@id\":\"https:\\\/\\\/www.nataliabizon.com\\\/#organization\",\"name\":\"Natalia bizo\u0144\",\"url\":\"https:\\\/\\\/www.nataliabizon.com\\\/\",\"logo\":{\"@type\":\"ImageObject\",\"inLanguage\":\"pl-PL\",\"@id\":\"https:\\\/\\\/www.nataliabizon.com\\\/#\\\/schema\\\/logo\\\/image\\\/\",\"url\":\"https:\\\/\\\/www.nataliabizon.com\\\/wp-content\\\/uploads\\\/2024\\\/03\\\/cropped-LOGO_NB-1.png\",\"contentUrl\":\"https:\\\/\\\/www.nataliabizon.com\\\/wp-content\\\/uploads\\\/2024\\\/03\\\/cropped-LOGO_NB-1.png\",\"width\":2850,\"height\":2850,\"caption\":\"Natalia bizo\u0144\"},\"image\":{\"@id\":\"https:\\\/\\\/www.nataliabizon.com\\\/#\\\/schema\\\/logo\\\/image\\\/\"}}]}<\/script>\n<!-- \/ Yoast SEO plugin. -->","yoast_head_json":{"title":"O mnie - Trenerka personalna","description":"Natalia bizo\u0144 - 16 lat temu to od zaj\u0119\u0107 grupowych rozpocz\u0119\u0142a si\u0119 moja przygoda z prac\u0105 nad popraw\u0105 sprawno\u015bci moich podopiecznych.","robots":{"index":"index","follow":"follow","max-snippet":"max-snippet:-1","max-image-preview":"max-image-preview:large","max-video-preview":"max-video-preview:-1"},"canonical":"https:\/\/www.nataliabizon.com\/index.php\/o-mnie\/","og_locale":"pl_PL","og_type":"article","og_title":"O mnie - Trenerka personalna","og_description":"Natalia bizo\u0144 - 16 lat temu to od zaj\u0119\u0107 grupowych rozpocz\u0119\u0142a si\u0119 moja przygoda z prac\u0105 nad popraw\u0105 sprawno\u015bci moich podopiecznych.","og_url":"https:\/\/www.nataliabizon.com\/index.php\/o-mnie\/","og_site_name":"Trenerka personalna","article_modified_time":"2024-03-25T19:16:37+00:00","twitter_card":"summary_large_image","twitter_misc":{"Szacowany czas czytania":"2 minuty"},"schema":{"@context":"https:\/\/schema.org","@graph":[{"@type":"WebPage","@id":"https:\/\/www.nataliabizon.com\/index.php\/o-mnie\/","url":"https:\/\/www.nataliabizon.com\/index.php\/o-mnie\/","name":"O mnie - Trenerka personalna","isPartOf":{"@id":"https:\/\/www.nataliabizon.com\/#website"},"datePublished":"2024-03-07T22:24:17+00:00","dateModified":"2024-03-25T19:16:37+00:00","description":"Natalia bizo\u0144 - 16 lat temu to od zaj\u0119\u0107 grupowych rozpocz\u0119\u0142a si\u0119 moja przygoda z prac\u0105 nad popraw\u0105 sprawno\u015bci moich podopiecznych.","breadcrumb":{"@id":"https:\/\/www.nataliabizon.com\/index.php\/o-mnie\/#breadcrumb"},"inLanguage":"pl-PL","potentialAction":[{"@type":"ReadAction","target":["https:\/\/www.nataliabizon.com\/index.php\/o-mnie\/"]}]},{"@type":"BreadcrumbList","@id":"https:\/\/www.nataliabizon.com\/index.php\/o-mnie\/#breadcrumb","itemListElement":[{"@type":"ListItem","position":1,"name":"Strona g\u0142\u00f3wna","item":"https:\/\/www.nataliabizon.com\/"},{"@type":"ListItem","position":2,"name":"O mnie"}]},{"@type":"WebSite","@id":"https:\/\/www.nataliabizon.com\/#website","url":"https:\/\/www.nataliabizon.com\/","name":"Trenerka Personalna","description":"Trenerka personalna","publisher":{"@id":"https:\/\/www.nataliabizon.com\/#organization"},"potentialAction":[{"@type":"SearchAction","target":{"@type":"EntryPoint","urlTemplate":"https:\/\/www.nataliabizon.com\/?s={search_term_string}"},"query-input":{"@type":"PropertyValueSpecification","valueRequired":true,"valueName":"search_term_string"}}],"inLanguage":"pl-PL"},{"@type":"Organization","@id":"https:\/\/www.nataliabizon.com\/#organization","name":"Natalia bizo\u0144","url":"https:\/\/www.nataliabizon.com\/","logo":{"@type":"ImageObject","inLanguage":"pl-PL","@id":"https:\/\/www.nataliabizon.com\/#\/schema\/logo\/image\/","url":"https:\/\/www.nataliabizon.com\/wp-content\/uploads\/2024\/03\/cropped-LOGO_NB-1.png","contentUrl":"https:\/\/www.nataliabizon.com\/wp-content\/uploads\/2024\/03\/cropped-LOGO_NB-1.png","width":2850,"height":2850,"caption":"Natalia bizo\u0144"},"image":{"@id":"https:\/\/www.nataliabizon.com\/#\/schema\/logo\/image\/"}}]}},"_links":{"self":[{"href":"https:\/\/www.nataliabizon.com\/index.php\/wp-json\/wp\/v2\/pages\/151","targetHints":{"allow":["GET"]}}],"collection":[{"href":"https:\/\/www.nataliabizon.com\/index.php\/wp-json\/wp\/v2\/pages"}],"about":[{"href":"https:\/\/www.nataliabizon.com\/index.php\/wp-json\/wp\/v2\/types\/page"}],"author":[{"embeddable":true,"href":"https:\/\/www.nataliabizon.com\/index.php\/wp-json\/wp\/v2\/users\/1"}],"replies":[{"embeddable":true,"href":"https:\/\/www.nataliabizon.com\/index.php\/wp-json\/wp\/v2\/comments?post=151"}],"version-history":[{"count":7,"href":"https:\/\/www.nataliabizon.com\/index.php\/wp-json\/wp\/v2\/pages\/151\/revisions"}],"predecessor-version":[{"id":411,"href":"https:\/\/www.nataliabizon.com\/index.php\/wp-json\/wp\/v2\/pages\/151\/revisions\/411"}],"wp:attachment":[{"href":"https:\/\/www.nataliabizon.com\/index.php\/wp-json\/wp\/v2\/media?parent=151"}],"curies":[{"name":"wp","href":"https:\/\/api.w.org\/{rel}","templated":true}]}}